{"id":313,"date":"2020-10-07T15:37:42","date_gmt":"2020-10-07T15:37:42","guid":{"rendered":"https:\/\/www.signumweb.com\/scatole-personalizzate-friuli\/?page_id=313"},"modified":"2020-10-23T17:48:43","modified_gmt":"2020-10-23T17:48:43","slug":"note-legali","status":"publish","type":"page","link":"https:\/\/www.signumweb.com\/scatole-personalizzate-friuli\/note-legali\/","title":{"rendered":"Note legali"},"content":{"rendered":"<p>[et_pb_section fb_built=&#8221;1&#8243; _builder_version=&#8221;4.6.6&#8243; _module_preset=&#8221;default&#8221; width_tablet=&#8221;&#8221; width_phone=&#8221;&#8221; width_last_edited=&#8221;on|desktop&#8221; max_width=&#8221;1410px&#8221; max_width_tablet=&#8221;&#8221; max_width_phone=&#8221;&#8221; max_width_last_edited=&#8221;on|desktop&#8221; module_alignment=&#8221;center&#8221;][et_pb_row _builder_version=&#8221;4.6.6&#8243; _module_preset=&#8221;default&#8221;][et_pb_column _builder_version=&#8221;4.6.6&#8243; _module_preset=&#8221;default&#8221; type=&#8221;4_4&#8243;][et_pb_text _builder_version=&#8221;4.6.6&#8243; _module_preset=&#8221;default&#8221; hover_enabled=&#8221;0&#8243; sticky_enabled=&#8221;0&#8243;]<\/p>\n<h1><em>NOTE LEGALI\u00a0<\/em><\/h1>\n<p>Il presente documento contiene le condizioni legali per l&#8217;accesso e l&#8217;uso del sito internet www.signumweb.com. Accedendo al sito web, utilizzandolo o utilizzando i materiali in esso contenuti ci si impegna a rispettare le condizioni legali di seguito esposte.<\/p>\n<p><strong>1. Propriet\u00e0 del sito web<\/strong><br \/> Questo sito web \u00e8 di propriet\u00e0 di<span>\u00a0<\/span><strong>Signum di Mazzoli Francesco &amp; C. S.a.s.<\/strong><br \/> con sede legale in:<\/p>\n<p><strong>Zona industriale,\u00a056\/B<span>\u00a0<\/span><br \/> 33085 Maniago (PN) &#8211; Italy<span>\u00a0<\/span><\/strong><br \/> <strong>Partita IVA 01551350935<\/strong><\/p>\n<p><strong>2. Diritto d&#8217;Autore e diritto sul Marchio<\/strong><br \/> Questo sito web \u00e8 protetto dal diritto d&#8217;Autore come opera singola e\/o composta e\/o collettiva ai sensi delle leggi italiane e dell&#8217;Unione Europea in materia di diritto d&#8217;Autore, delle convenzioni internazionali e delle altre normative in materia di diritto d&#8217;Autore. Qualsivoglia uso non autorizzato dei materiali contenuti nel sito web \u00e8 assolutamente proibito. Il sito web potrebbe contenere documenti, immagini, software, informazioni e altri materiali di propriet\u00e0 di terzi, come fotografie, pubblicit\u00e0, clip filmati e musica. Qualsivoglia uso non autorizzato dei materiali contenuti nel sito web \u00e8 assolutamente vietato, a meno che non sia stato ottenuto il consenso preventivo scritto da parte del proprietario dei materiali in oggetto. Tutti i diritti sono riservati.<\/p>\n<p><strong>3. Uso e accesso al sito web<\/strong><br \/> I contenuti e i materiali del sito web sono destinati ad esclusivo uso personale e non commerciale. L&#8217;utente potr\u00e0 scaricare o copiare i contenuti e altri materiali scaricabili visualizzati su questo sito web solo per suo uso personale non commerciale, a condizione che si riconosca che i materiali coperti dal Diritto d&#8217;Autore presenti in essi sono protetti e a condizione che l&#8217;utente si impegni a rispettare tutti i diritti d&#8217;autore e gli altri diritti contenuti in questo sito web . La copia o la memorizzazione di qualsivoglia dei contenuti per usi diversi da quelli personali e non commerciali \u00e8 rigorosamente vietata a meno che non sia stato ottenuto il consenso preventivo scritto da parte di<strong><span>\u00a0<\/span>Signum di Mazzoli Francesco &amp; C. S.a.s.<\/strong><br \/> La<span>\u00a0<\/span><strong>Signum di Mazzoli Francesco &amp; C. S.a.s.<\/strong><span>\u00a0<\/span>potr\u00e0 modificare, annullare o sospendere la totalit\u00e0 o qualsivoglia delle caratteristiche del sito web in qualsivoglia momento, compresa la disponibilit\u00e0 della totalit\u00e0 o di qualsivoglia parte del sito web, delle funzioni e del database del sito web.<br \/> La<span>\u00a0<\/span><strong>Signum di Mazzoli Francesco &amp; C. S.a.s.<\/strong><span>\u00a0<\/span>potr\u00e0 inoltre correggere eventuali errori od omissioni in qualsivoglia parte del sito web o imporre limitazioni su determinate funzioni e servizi, o limitare l&#8217;accesso degli utenti a parti o alla totalit\u0430 del sito web senza obbligo di notifica e senza che questo configuri alcuna responsabilit\u00e0.<\/p>\n<p><strong>4. Diniego di garanzia e limitazione di responsabilit\u00e0<\/strong><br \/> L&#8217;utente riconosce di utilizzare il sito web a proprio rischio. Il servizio viene fornito nello stato in cui si trova e la<span>\u00a0<\/span><strong>Signum di Mazzoli Francesco &amp; C. S.a.s.<\/strong><span>\u00a0<\/span>nega esplicitamente qualsivoglia garanzia, esplicita e implicita comprese, a mero titolo esemplificativo, garanzie di accuratezza, affidabilit\u00e0, propriet\u00e0, non violazione, idoneit\u00e0 per fini specifici o qualsivoglia altra garanzia condizione, assicurazione o dichiarazione, orale, scritta o in formato elettronico, compresa, a mero titolo esemplificativo, qualsivoglia garanzia sull&#8217;accuratezza o la completezza di qualsivoglia informazione contenuta nel sito web o fornita dal sito stesso.<br \/> La<span>\u00a0<\/span><strong>Signum di Mazzoli Francesco &amp; C. S.a.s.<\/strong><span>\u00a0<\/span>non dichiara e non garantisce che l&#8217;accesso al sito web non sar\u00e0 interrotto o che il sito web non conterr\u00e0 malfunzionamenti, errori o omissioni o perdite di informazioni trasmesse, o che nessun virus sar\u00e0 trasmesso sul sito web.<br \/> La<span>\u00a0<\/span><strong>Signum di Mazzoli Francesco &amp; C. S.a.s.<\/strong><span>\u00a0<\/span>non sar\u00e0 responsabile nei confronti degli utenti del sito o di qualsivoglia terza parte per eventuali danni diretti, indiretti, speciali, consequenziali o punitivi presumibilmente sostenuti a seguito dell&#8217;accesso o dell&#8217;impossibilit\u0430 di accedere al sito web, compreso il caso di virus presumibilmente ricevuti dal sito web, l&#8217;uso o l&#8217;affidamento fatto sul sito web o su qualsivoglia delle informazioni o dei materiali disponibili sul sito web.<\/p>\n<p><strong>5. Leggi applicabili e giurisdizione<\/strong><br \/> L&#8217;utente riconosce e a tutti i fini concorda che eventuali controversie, che dovessero derivare dall&#8217;accesso e\/o dall&#8217;uso del sito web, saranno soggette alle Leggi Italiane e dovranno essere sottoposte alla giurisdizione esclusiva di un Tribunale Italiano.<\/p>\n<p><strong>6. Modifiche<\/strong><br \/> Le norme precedenti potranno essere modificate da<span>\u00a0<\/span><strong>Signum di Mazzoli Francesco &amp; C. S.a.s.<\/strong><span>\u00a0<\/span>di volta in volta; le notifiche di eventuali revisioni di tali norme saranno annunciate su questa pagina. L&#8217;uso continuato del sito web da parte dell&#8217;utente equivarr\u00e0 all&#8217;accettazione da parte dell&#8217;utente stesso di tali modifiche o revisioni di tali norme; per questo motivo la\u00a0<strong>Signum di Mazzoli Francesco &amp; C. S.a.s.<\/strong><span>\u00a0<\/span>consiglia all&#8217;utente di visitare questa pagina regolarmente.<\/p>\n<p>[\/et_pb_text][\/et_pb_column][\/et_pb_row][\/et_pb_section]<\/p>\n","protected":false},"excerpt":{"rendered":"<p>[et_pb_section fb_built=&#8221;1&#8243; _builder_version=&#8221;4.6.6&#8243; _module_preset=&#8221;default&#8221; width_tablet=&#8221;&#8221; width_phone=&#8221;&#8221; width_last_edited=&#8221;on|desktop&#8221; max_width=&#8221;1410px&#8221; max_width_tablet=&#8221;&#8221; max_width_phone=&#8221;&#8221; max_width_last_edited=&#8221;on|desktop&#8221; module_alignment=&#8221;center&#8221;][et_pb_row _builder_version=&#8221;4.6.6&#8243; _module_preset=&#8221;default&#8221;][et_pb_column _builder_version=&#8221;4.6.6&#8243; _module_preset=&#8221;default&#8221; type=&#8221;4_4&#8243;][et_pb_text _builder_version=&#8221;4.6.6&#8243; _module_preset=&#8221;default&#8221; hover_enabled=&#8221;0&#8243; sticky_enabled=&#8221;0&#8243;] NOTE LEGALI\u00a0 Il presente documento contiene le condizioni legali per l&#8217;accesso e l&#8217;uso del sito internet www.signumweb.com. Accedendo al sito web, utilizzandolo o utilizzando i materiali in esso contenuti ci si impegna a rispettare [&hellip;]<\/p>\n","protected":false},"author":1,"featured_media":0,"parent":0,"menu_order":0,"comment_status":"closed","ping_status":"closed","template":"","meta":{"_et_pb_use_builder":"on","_et_pb_old_content":"","_et_gb_content_width":""},"_links":{"self":[{"href":"https:\/\/www.signumweb.com\/scatole-personalizzate-friuli\/wp-json\/wp\/v2\/pages\/313"}],"collection":[{"href":"https:\/\/www.signumweb.com\/scatole-personalizzate-friuli\/wp-json\/wp\/v2\/pages"}],"about":[{"href":"https:\/\/www.signumweb.com\/scatole-personalizzate-friuli\/wp-json\/wp\/v2\/types\/page"}],"author":[{"embeddable":true,"href":"https:\/\/www.signumweb.com\/scatole-personalizzate-friuli\/wp-json\/wp\/v2\/users\/1"}],"replies":[{"embeddable":true,"href":"https:\/\/www.signumweb.com\/scatole-personalizzate-friuli\/wp-json\/wp\/v2\/comments?post=313"}],"version-history":[{"count":9,"href":"https:\/\/www.signumweb.com\/scatole-personalizzate-friuli\/wp-json\/wp\/v2\/pages\/313\/revisions"}],"predecessor-version":[{"id":1611,"href":"https:\/\/www.signumweb.com\/scatole-personalizzate-friuli\/wp-json\/wp\/v2\/pages\/313\/revisions\/1611"}],"wp:attachment":[{"href":"https:\/\/www.signumweb.com\/scatole-personalizzate-friuli\/wp-json\/wp\/v2\/media?parent=313"}],"curies":[{"name":"wp","href":"https:\/\/api.w.org\/{rel}","templated":true}]}}